{"id":4574,"date":"2018-02-05T12:11:21","date_gmt":"2018-02-05T12:11:21","guid":{"rendered":"http:\/\/www.ibaetabasket.com\/?page_id=4574"},"modified":"2024-08-06T12:38:23","modified_gmt":"2024-08-06T10:38:23","slug":"organigrama","status":"publish","type":"page","link":"https:\/\/www.ibaetabasket.com\/eu\/organigrama\/","title":{"rendered":"Organigrama"},"content":{"rendered":"<h5 style=\"text-align: center;\"><strong>PRESIDENTA<\/strong><\/h5>\n<p style=\"text-align: center;\">Carmen Muguruza<\/p>\n<h5 style=\"text-align: center;\"><strong>ENTRENATZAILEA<\/strong><\/h5>\n<p style=\"text-align: center;\">Aranzazu Muguruza<\/p>\n<h5 style=\"text-align: center;\"><strong>1. LAGUNTZAILEA<\/strong><\/h5>\n<p style=\"text-align: center;\">Roge Miguez<\/p>\n<h5 style=\"text-align: center;\"><strong>2. LAGUNTZAILEA<\/strong><\/h5>\n<p style=\"text-align: center;\">Ibon Oca\u00f1a<\/p>\n<h5 style=\"text-align: center;\"><strong>ZUZENDARI TEKNIKOA<\/strong><\/h5>\n<p style=\"text-align: center;\">Jon Santamar\u00eda<\/p>\n<h5 style=\"text-align: center;\"><strong>PRESTATZAILE FISIKOA<\/strong><\/h5>\n<p style=\"text-align: center;\">Julen Samaniego<\/p>\n<h5 style=\"text-align: center;\"><strong>FISIOTERAPEUTA<\/strong><\/h5>\n<p style=\"text-align: center;\">Martin Olasagasti<\/p>\n<h5 style=\"text-align: center;\"><strong>ZELAI ORDEZKARIA<\/strong><\/h5>\n<p style=\"text-align: center;\">Fernando Romero<\/p>\n<h5 style=\"text-align: center;\"><strong>PRENTSA<\/strong><\/h5>\n<p style=\"text-align: center;\">I\u00f1aki Garralda<\/p>\n<h5 style=\"text-align: center;\"><strong>KOMUNIKAZIOA<\/strong><\/h5>\n<p style=\"text-align: center;\">Samuel Valc\u00e1rcel<\/p>\n<h5 style=\"text-align: center;\"><strong>GESTIOA<\/strong><\/h5>\n<p style=\"text-align: center;\">Iulene Olabarria<\/p>\n","protected":false},"excerpt":{"rendered":"<p>PRESIDENTA Carmen Muguruza ENTRENATZAILEA Aranzazu Muguruza 1. LAGUNTZAILEA Roge Miguez 2. LAGUNTZAILEA Ibon Oca\u00f1a ZUZENDARI TEKNIKOA Jon Santamar\u00eda PRESTATZAILE FISIKOA Julen Samaniego FISIOTERAPEUTA Martin Olasagasti ZELAI ORDEZKARIA Fernando Romero PRENTSA I\u00f1aki Garralda KOMUNIKAZIOA Samuel Valc\u00e1rcel GESTIOA Iulene Olabarria<\/p>\n","protected":false},"author":6,"featured_media":0,"parent":0,"menu_order":0,"comment_status":"closed","ping_status":"closed","template":"","meta":{"_acf_changed":false,"footnotes":""},"class_list":["post-4574","page","type-page","status-publish","hentry"],"acf":[],"_links":{"self":[{"href":"https:\/\/www.ibaetabasket.com\/eu\/wp-json\/wp\/v2\/pages\/4574","targetHints":{"allow":["GET"]}}],"collection":[{"href":"https:\/\/www.ibaetabasket.com\/eu\/wp-json\/wp\/v2\/pages"}],"about":[{"href":"https:\/\/www.ibaetabasket.com\/eu\/wp-json\/wp\/v2\/types\/page"}],"author":[{"embeddable":true,"href":"https:\/\/www.ibaetabasket.com\/eu\/wp-json\/wp\/v2\/users\/6"}],"replies":[{"embeddable":true,"href":"https:\/\/www.ibaetabasket.com\/eu\/wp-json\/wp\/v2\/comments?post=4574"}],"version-history":[{"count":16,"href":"https:\/\/www.ibaetabasket.com\/eu\/wp-json\/wp\/v2\/pages\/4574\/revisions"}],"predecessor-version":[{"id":11864,"href":"https:\/\/www.ibaetabasket.com\/eu\/wp-json\/wp\/v2\/pages\/4574\/revisions\/11864"}],"wp:attachment":[{"href":"https:\/\/www.ibaetabasket.com\/eu\/wp-json\/wp\/v2\/media?parent=4574"}],"curies":[{"name":"wp","href":"https:\/\/api.w.org\/{rel}","templated":true}]}}